{"id":2421,"date":"2023-11-24T11:29:09","date_gmt":"2023-11-24T10:29:09","guid":{"rendered":"https:\/\/www.merxpuetz.com\/career\/"},"modified":"2025-04-29T15:55:33","modified_gmt":"2025-04-29T14:55:33","slug":"career","status":"publish","type":"page","link":"https:\/\/www.merxpuetz.com\/en\/career\/","title":{"rendered":"Career"},"content":{"rendered":"\t\t<div data-elementor-type=\"wp-page\" data-elementor-id=\"2421\" class=\"elementor elementor-2421 elementor-1543\" data-elementor-post-type=\"page\">\n\t\t\t\t<div class=\"elementor-element elementor-element-66faeb6 e-flex e-con-boxed e-con e-parent\" data-id=\"66faeb6\" data-element_type=\"container\" data-e-type=\"container\">\n\t\t\t\t\t<div class=\"e-con-inner\">\n\t\t\t\t<div class=\"elementor-element elementor-element-f2b9405 elementor-widget elementor-widget-heading\" data-id=\"f2b9405\" data-element_type=\"widget\" data-e-type=\"widget\" data-widget_type=\"heading.default\">\n\t\t\t\t<div class=\"elementor-widget-container\">\n\t\t\t\t\t<h1 class=\"elementor-heading-title elementor-size-default\">Career<\/h1>\t\t\t\t<\/div>\n\t\t\t\t<\/div>\n\t\t\t\t<div class=\"elementor-element elementor-element-bbd3473 elementor-widget elementor-widget-text-editor\" data-id=\"bbd3473\" data-element_type=\"widget\" data-e-type=\"widget\" data-widget_type=\"text-editor.default\">\n\t\t\t\t<div class=\"elementor-widget-container\">\n\t\t\t\t\t\t\t\t\t<p>Fancy a change? <b>Apply for a job with us and join our team!<\/b><\/p>\n\t\t\t\t\t\t\t\t<\/div>\n\t\t\t\t<\/div>\n\t\t\t\t<div class=\"elementor-element elementor-element-747cf77 elementor-widget elementor-widget-heading\" data-id=\"747cf77\" data-element_type=\"widget\" data-e-type=\"widget\" data-widget_type=\"heading.default\">\n\t\t\t\t<div class=\"elementor-widget-container\">\n\t\t\t\t\t<h2 class=\"elementor-heading-title elementor-size-default\">Job vacancies<\/h2>\t\t\t\t<\/div>\n\t\t\t\t<\/div>\n\t\t\t\t<div class=\"elementor-element elementor-element-eefe16c elementor-widget elementor-widget-accordion\" data-id=\"eefe16c\" data-element_type=\"widget\" data-e-type=\"widget\" data-widget_type=\"accordion.default\">\n\t\t\t\t<div class=\"elementor-widget-container\">\n\t\t\t\t\t\t\t<div class=\"elementor-accordion\">\n\t\t\t\t\t\t\t<div class=\"elementor-accordion-item\">\n\t\t\t\t\t<div id=\"elementor-tab-title-2501\" class=\"elementor-tab-title\" data-tab=\"1\" role=\"button\" aria-controls=\"elementor-tab-content-2501\" aria-expanded=\"false\">\n\t\t\t\t\t\t\t\t\t\t\t\t\t<span class=\"elementor-accordion-icon elementor-accordion-icon-left\" aria-hidden=\"true\">\n\t\t\t\t\t\t\t\t\t\t\t\t\t\t\t<span class=\"elementor-accordion-icon-closed\"><svg class=\"e-font-icon-svg e-fas-plus\" viewBox=\"0 0 448 512\" xmlns=\"http:\/\/www.w3.org\/2000\/svg\"><path d=\"M416 208H272V64c0-17.67-14.33-32-32-32h-32c-17.67 0-32 14.33-32 32v144H32c-17.67 0-32 14.33-32 32v32c0 17.67 14.33 32 32 32h144v144c0 17.67 14.33 32 32 32h32c17.67 0 32-14.33 32-32V304h144c17.67 0 32-14.33 32-32v-32c0-17.67-14.33-32-32-32z\"><\/path><\/svg><\/span>\n\t\t\t\t\t\t\t\t<span class=\"elementor-accordion-icon-opened\"><svg class=\"e-font-icon-svg e-fas-minus\" viewBox=\"0 0 448 512\" xmlns=\"http:\/\/www.w3.org\/2000\/svg\"><path d=\"M416 208H32c-17.67 0-32 14.33-32 32v32c0 17.67 14.33 32 32 32h384c17.67 0 32-14.33 32-32v-32c0-17.67-14.33-32-32-32z\"><\/path><\/svg><\/span>\n\t\t\t\t\t\t\t\t\t\t\t\t\t\t<\/span>\n\t\t\t\t\t\t\t\t\t\t\t\t<a class=\"elementor-accordion-title\" tabindex=\"0\">Lawyer (m\/f\/d) (full\/part-time: 30 hours)<\/a>\n\t\t\t\t\t<\/div>\n\t\t\t\t\t<div id=\"elementor-tab-content-2501\" class=\"elementor-tab-content elementor-clearfix\" data-tab=\"1\" role=\"region\" aria-labelledby=\"elementor-tab-title-2501\"><h4><p style=\"font-weight: 400;\"><span style=\"font-weight: bolder;\">Sie..<\/span><\/p><p style=\"font-weight: 400;\">&#8230; sind RECHTSANWALT \/ RECHTSANW\u00c4LTIN (m\/w\/d) mit oder ohne Berufserfahrung und suchen eine Festanstellung (Vollzeit oder Teilzeit, mind. 30 Std.) f\u00fcr eine spannende T\u00e4tigkeit als Prozessanwalt\/-anw\u00e4ltin im Bereich Pharma-, Lebensmittel- und Wettbewerbsrecht. Wir suchen Sie als Verst\u00e4rkung f\u00fcr unser Team!<\/p><p style=\"font-weight: 400;\"><span style=\"font-weight: bolder;\">Wir..<\/span><\/p><p style=\"font-weight: 400;\">sind eine hochspezialisierte Boutique-Kanzlei mit derzeit f\u00fcnf Rechtsanw\u00e4ltinnen und Rechtsanw\u00e4lten und Schwerpunkt im Recht der Gesundheitsprodukte (Arzneimittel, Medizinprodukte, Lebensmittel, Kosmetik, Heilmittelwerberecht) sowie im Gewerblichen Rechtsschutz (Marken- &amp; Designrecht, Wettbewerbsrecht).<\/p><p style=\"font-weight: 400;\">Sie finden uns in Laufweite des Hauptbahnhofs und der U4\/ U5 (Theresienwiese).<\/p><p style=\"font-weight: 400;\"><span style=\"font-weight: bolder;\">Sie passen gut zu uns, denn Sie:<\/span><\/p><ul style=\"font-size: 16px; background-color: rgb(255, 255, 255); font-weight: 400;\"><li style=\"font-size: 16px;\">haben Freude an streitigen Verfahren und einstweiligen Verf\u00fcgungen,<\/li><li style=\"font-size: 16px;\">verf\u00fcgen \u00fcber bis zu drei Jahre Berufserfahrung in den Bereichen Pharma, Lebensmittel, UWG, IP oder in einer zivilrechtlich ausgerichteten Kanzlei,<\/li><li style=\"font-size: 16px;\">arbeiten sorgf\u00e4ltig, denken unternehmerisch und handeln eigenverantwortlich,<\/li><li style=\"font-size: 16px;\">sind bereit, sich auch in komplexere F\u00e4lle einzuarbeiten und diese selbst\u00e4ndig zu bearbeiten,<\/li><li style=\"font-size: 16px;\">beherrschen die deutsche und englische Sprache.<\/li><\/ul><p style=\"font-weight: 400;\"><span style=\"font-weight: bolder;\"><br>Dann m\u00f6chten wir Sie kennenlernen!<\/span><\/p><p style=\"font-weight: 400;\">Es wird Ihnen bei uns gefallen, denn..<\/p><p style=\"font-weight: 400;\"><span style=\"font-weight: bolder;\">Wir bieten Ihnen:<\/span><\/p><ul style=\"font-size: 16px; background-color: rgb(255, 255, 255); font-weight: 400;\"><li style=\"font-size: 16px;\">die M\u00f6glichkeit, selbst\u00e4ndig zu arbeiten (gerichtliche) Verfahren eigenverantwortlich zu f\u00fchren,<\/li><li style=\"font-size: 16px;\">eine engagierte und pers\u00f6nliche Ausbildung und Anleitung<\/li><li style=\"font-size: 16px;\">eine sehr angenehme Arbeitsatmosph\u00e4re,<\/li><li style=\"font-size: 16px;\">ein attraktives Gehalt,<\/li><li style=\"font-size: 16px;\">einen modernen und hellen Arbeitsplatz in ruhiger Lage?und angenehmem Umfeld,<\/li><li style=\"font-size: 16px;\">die M\u00f6glichkeit zur fachbezogenen Aus- und Fortbildung (z.B. Fachanwaltstitel),<\/li><li style=\"font-size: 16px;\">die M\u00f6glichkeit zum mobilen Arbeiten.<\/li><li style=\"font-size: 16px;\">Das sagt Ihnen zu? Dann freuen wir uns auf Ihre aussagekr\u00e4ftige Bewerbung &#8211; gerne per E-Mail &#8211; an:<\/li><\/ul><p style=\"font-weight: 400;\">Merx P\u00fctz Rechtsanw\u00e4lte PartmbB<br><span style=\"font-size: 1rem;\">Rechtsanwalt P\u00fctz-Poulalion<br><\/span><span style=\"font-size: 1rem;\">Uhlandstra\u00dfe 2<br><\/span><span style=\"font-size: 1rem;\">80336 M\u00fcnchen<\/span><\/p><\/h4><\/div>\n\t\t\t\t<\/div>\n\t\t\t\t\t\t\t\t<\/div>\n\t\t\t\t\t\t<\/div>\n\t\t\t\t<\/div>\n\t\t\t\t\t<\/div>\n\t\t\t\t<\/div>\n\t\t\t\t<\/div>\n\t\t","protected":false},"excerpt":{"rendered":"<p>Career Fancy a change? Apply for a job with us and join our team! Job vacancies Lawyer (m\/f\/d) (full\/part-time: 30 hours) Sie.. &#8230; sind RECHTSANWALT \/ RECHTSANW\u00c4LTIN (m\/w\/d) mit oder ohne Berufserfahrung und suchen eine Festanstellung (Vollzeit oder Teilzeit, mind. 30 Std.) f\u00fcr eine spannende T\u00e4tigkeit als Prozessanwalt\/-anw\u00e4ltin im Bereich Pharma-, Lebensmittel- und Wettbewerbsrecht. Wir [&hellip;]<\/p>\n","protected":false},"author":1,"featured_media":0,"parent":0,"menu_order":0,"comment_status":"closed","ping_status":"closed","template":"","meta":{"inline_featured_image":false,"footnotes":""},"class_list":["post-2421","page","type-page","status-publish","hentry"],"yoast_head":"<!-- This site is optimized with the Yoast SEO plugin v27.4 - https:\/\/yoast.com\/product\/yoast-seo-wordpress\/ -->\n<title>Career - Merx P\u00fctz Rechtsanw\u00e4lte<\/title>\n<meta name=\"robots\" content=\"index, follow, max-snippet:-1, max-image-preview:large, max-video-preview:-1\" \/>\n<link rel=\"canonical\" href=\"https:\/\/www.merxpuetz.com\/en\/career\/\" \/>\n<meta property=\"og:locale\" content=\"en_US\" \/>\n<meta property=\"og:type\" content=\"article\" \/>\n<meta property=\"og:title\" content=\"Career - Merx P\u00fctz Rechtsanw\u00e4lte\" \/>\n<meta property=\"og:description\" content=\"Career Fancy a change? Apply for a job with us and join our team! Job vacancies Lawyer (m\/f\/d) (full\/part-time: 30 hours) Sie.. &#8230; sind RECHTSANWALT \/ RECHTSANW\u00c4LTIN (m\/w\/d) mit oder ohne Berufserfahrung und suchen eine Festanstellung (Vollzeit oder Teilzeit, mind. 30 Std.) f\u00fcr eine spannende T\u00e4tigkeit als Prozessanwalt\/-anw\u00e4ltin im Bereich Pharma-, Lebensmittel- und Wettbewerbsrecht. Wir [&hellip;]\" \/>\n<meta property=\"og:url\" content=\"https:\/\/www.merxpuetz.com\/en\/career\/\" \/>\n<meta property=\"og:site_name\" content=\"Merx P\u00fctz Rechtsanw\u00e4lte\" \/>\n<meta property=\"article:modified_time\" content=\"2025-04-29T14:55:33+00:00\" \/>\n<meta name=\"twitter:card\" content=\"summary_large_image\" \/>\n<meta name=\"twitter:label1\" content=\"Est. reading time\" \/>\n\t<meta name=\"twitter:data1\" content=\"2 minutes\" \/>\n<script type=\"application\/ld+json\" class=\"yoast-schema-graph\">{\"@context\":\"https:\\\/\\\/schema.org\",\"@graph\":[{\"@type\":\"WebPage\",\"@id\":\"https:\\\/\\\/www.merxpuetz.com\\\/en\\\/career\\\/\",\"url\":\"https:\\\/\\\/www.merxpuetz.com\\\/en\\\/career\\\/\",\"name\":\"Career - Merx P\u00fctz Rechtsanw\u00e4lte\",\"isPartOf\":{\"@id\":\"https:\\\/\\\/www.merxpuetz.com\\\/en\\\/#website\"},\"datePublished\":\"2023-11-24T10:29:09+00:00\",\"dateModified\":\"2025-04-29T14:55:33+00:00\",\"breadcrumb\":{\"@id\":\"https:\\\/\\\/www.merxpuetz.com\\\/en\\\/career\\\/#breadcrumb\"},\"inLanguage\":\"en-US\",\"potentialAction\":[{\"@type\":\"ReadAction\",\"target\":[\"https:\\\/\\\/www.merxpuetz.com\\\/en\\\/career\\\/\"]}]},{\"@type\":\"BreadcrumbList\",\"@id\":\"https:\\\/\\\/www.merxpuetz.com\\\/en\\\/career\\\/#breadcrumb\",\"itemListElement\":[{\"@type\":\"ListItem\",\"position\":1,\"name\":\"Home\",\"item\":\"https:\\\/\\\/www.merxpuetz.com\\\/en\\\/\"},{\"@type\":\"ListItem\",\"position\":2,\"name\":\"Career\"}]},{\"@type\":\"WebSite\",\"@id\":\"https:\\\/\\\/www.merxpuetz.com\\\/en\\\/#website\",\"url\":\"https:\\\/\\\/www.merxpuetz.com\\\/en\\\/\",\"name\":\"Merx P\u00fctz Rechtsanw\u00e4lte\",\"description\":\"Intellectual Property \u00b7 Health &amp; Beauty Products Law\",\"publisher\":{\"@id\":\"https:\\\/\\\/www.merxpuetz.com\\\/en\\\/#organization\"},\"potentialAction\":[{\"@type\":\"SearchAction\",\"target\":{\"@type\":\"EntryPoint\",\"urlTemplate\":\"https:\\\/\\\/www.merxpuetz.com\\\/en\\\/?s={search_term_string}\"},\"query-input\":{\"@type\":\"PropertyValueSpecification\",\"valueRequired\":true,\"valueName\":\"search_term_string\"}}],\"inLanguage\":\"en-US\"},{\"@type\":\"Organization\",\"@id\":\"https:\\\/\\\/www.merxpuetz.com\\\/en\\\/#organization\",\"name\":\"Merx P\u00fctz Rechtsanw\u00e4lte\",\"url\":\"https:\\\/\\\/www.merxpuetz.com\\\/en\\\/\",\"logo\":{\"@type\":\"ImageObject\",\"inLanguage\":\"en-US\",\"@id\":\"https:\\\/\\\/www.merxpuetz.com\\\/en\\\/#\\\/schema\\\/logo\\\/image\\\/\",\"url\":\"https:\\\/\\\/www.merxpuetz.com\\\/wp-content\\\/uploads\\\/2023\\\/05\\\/DeviceDesktop-VersionFull.svg\",\"contentUrl\":\"https:\\\/\\\/www.merxpuetz.com\\\/wp-content\\\/uploads\\\/2023\\\/05\\\/DeviceDesktop-VersionFull.svg\",\"caption\":\"Merx P\u00fctz Rechtsanw\u00e4lte\"},\"image\":{\"@id\":\"https:\\\/\\\/www.merxpuetz.com\\\/en\\\/#\\\/schema\\\/logo\\\/image\\\/\"},\"sameAs\":[\"https:\\\/\\\/de.linkedin.com\\\/company\\\/merxpuetz\"]}]}<\/script>\n<!-- \/ Yoast SEO plugin. -->","yoast_head_json":{"title":"Career - Merx P\u00fctz Rechtsanw\u00e4lte","robots":{"index":"index","follow":"follow","max-snippet":"max-snippet:-1","max-image-preview":"max-image-preview:large","max-video-preview":"max-video-preview:-1"},"canonical":"https:\/\/www.merxpuetz.com\/en\/career\/","og_locale":"en_US","og_type":"article","og_title":"Career - Merx P\u00fctz Rechtsanw\u00e4lte","og_description":"Career Fancy a change? Apply for a job with us and join our team! Job vacancies Lawyer (m\/f\/d) (full\/part-time: 30 hours) Sie.. &#8230; sind RECHTSANWALT \/ RECHTSANW\u00c4LTIN (m\/w\/d) mit oder ohne Berufserfahrung und suchen eine Festanstellung (Vollzeit oder Teilzeit, mind. 30 Std.) f\u00fcr eine spannende T\u00e4tigkeit als Prozessanwalt\/-anw\u00e4ltin im Bereich Pharma-, Lebensmittel- und Wettbewerbsrecht. Wir [&hellip;]","og_url":"https:\/\/www.merxpuetz.com\/en\/career\/","og_site_name":"Merx P\u00fctz Rechtsanw\u00e4lte","article_modified_time":"2025-04-29T14:55:33+00:00","twitter_card":"summary_large_image","twitter_misc":{"Est. reading time":"2 minutes"},"schema":{"@context":"https:\/\/schema.org","@graph":[{"@type":"WebPage","@id":"https:\/\/www.merxpuetz.com\/en\/career\/","url":"https:\/\/www.merxpuetz.com\/en\/career\/","name":"Career - Merx P\u00fctz Rechtsanw\u00e4lte","isPartOf":{"@id":"https:\/\/www.merxpuetz.com\/en\/#website"},"datePublished":"2023-11-24T10:29:09+00:00","dateModified":"2025-04-29T14:55:33+00:00","breadcrumb":{"@id":"https:\/\/www.merxpuetz.com\/en\/career\/#breadcrumb"},"inLanguage":"en-US","potentialAction":[{"@type":"ReadAction","target":["https:\/\/www.merxpuetz.com\/en\/career\/"]}]},{"@type":"BreadcrumbList","@id":"https:\/\/www.merxpuetz.com\/en\/career\/#breadcrumb","itemListElement":[{"@type":"ListItem","position":1,"name":"Home","item":"https:\/\/www.merxpuetz.com\/en\/"},{"@type":"ListItem","position":2,"name":"Career"}]},{"@type":"WebSite","@id":"https:\/\/www.merxpuetz.com\/en\/#website","url":"https:\/\/www.merxpuetz.com\/en\/","name":"Merx P\u00fctz Rechtsanw\u00e4lte","description":"Intellectual Property \u00b7 Health &amp; Beauty Products Law","publisher":{"@id":"https:\/\/www.merxpuetz.com\/en\/#organization"},"potentialAction":[{"@type":"SearchAction","target":{"@type":"EntryPoint","urlTemplate":"https:\/\/www.merxpuetz.com\/en\/?s={search_term_string}"},"query-input":{"@type":"PropertyValueSpecification","valueRequired":true,"valueName":"search_term_string"}}],"inLanguage":"en-US"},{"@type":"Organization","@id":"https:\/\/www.merxpuetz.com\/en\/#organization","name":"Merx P\u00fctz Rechtsanw\u00e4lte","url":"https:\/\/www.merxpuetz.com\/en\/","logo":{"@type":"ImageObject","inLanguage":"en-US","@id":"https:\/\/www.merxpuetz.com\/en\/#\/schema\/logo\/image\/","url":"https:\/\/www.merxpuetz.com\/wp-content\/uploads\/2023\/05\/DeviceDesktop-VersionFull.svg","contentUrl":"https:\/\/www.merxpuetz.com\/wp-content\/uploads\/2023\/05\/DeviceDesktop-VersionFull.svg","caption":"Merx P\u00fctz Rechtsanw\u00e4lte"},"image":{"@id":"https:\/\/www.merxpuetz.com\/en\/#\/schema\/logo\/image\/"},"sameAs":["https:\/\/de.linkedin.com\/company\/merxpuetz"]}]}},"_links":{"self":[{"href":"https:\/\/www.merxpuetz.com\/en\/wp-json\/wp\/v2\/pages\/2421","targetHints":{"allow":["GET"]}}],"collection":[{"href":"https:\/\/www.merxpuetz.com\/en\/wp-json\/wp\/v2\/pages"}],"about":[{"href":"https:\/\/www.merxpuetz.com\/en\/wp-json\/wp\/v2\/types\/page"}],"author":[{"embeddable":true,"href":"https:\/\/www.merxpuetz.com\/en\/wp-json\/wp\/v2\/users\/1"}],"replies":[{"embeddable":true,"href":"https:\/\/www.merxpuetz.com\/en\/wp-json\/wp\/v2\/comments?post=2421"}],"version-history":[{"count":4,"href":"https:\/\/www.merxpuetz.com\/en\/wp-json\/wp\/v2\/pages\/2421\/revisions"}],"predecessor-version":[{"id":2704,"href":"https:\/\/www.merxpuetz.com\/en\/wp-json\/wp\/v2\/pages\/2421\/revisions\/2704"}],"wp:attachment":[{"href":"https:\/\/www.merxpuetz.com\/en\/wp-json\/wp\/v2\/media?parent=2421"}],"curies":[{"name":"wp","href":"https:\/\/api.w.org\/{rel}","templated":true}]}}