{"id":2268,"date":"2023-05-19T09:21:13","date_gmt":"2023-05-19T08:21:13","guid":{"rendered":"https:\/\/www.merxpuetz.com\/imprint\/"},"modified":"2026-01-07T16:20:53","modified_gmt":"2026-01-07T15:20:53","slug":"legal-notices","status":"publish","type":"page","link":"https:\/\/www.merxpuetz.com\/en\/legal-notices\/","title":{"rendered":"Legal Notices"},"content":{"rendered":"\t\t<div data-elementor-type=\"wp-page\" data-elementor-id=\"2268\" class=\"elementor elementor-2268 elementor-48\" data-elementor-post-type=\"page\">\n\t\t\t\t<div class=\"elementor-element elementor-element-c29f839 e-flex e-con-boxed e-con e-parent\" data-id=\"c29f839\" data-element_type=\"container\" data-e-type=\"container\">\n\t\t\t\t\t<div class=\"e-con-inner\">\n\t\t\t\t<div class=\"elementor-element elementor-element-01e560b elementor-widget elementor-widget-heading\" data-id=\"01e560b\" data-element_type=\"widget\" data-e-type=\"widget\" data-widget_type=\"heading.default\">\n\t\t\t\t<div class=\"elementor-widget-container\">\n\t\t\t\t\t<h1 class=\"elementor-heading-title elementor-size-default\">Imprint<\/h1>\t\t\t\t<\/div>\n\t\t\t\t<\/div>\n\t\t\t\t<div class=\"elementor-element elementor-element-469299b elementor-widget elementor-widget-text-editor\" data-id=\"469299b\" data-element_type=\"widget\" data-e-type=\"widget\" data-widget_type=\"text-editor.default\">\n\t\t\t\t<div class=\"elementor-widget-container\">\n\t\t\t\t\t\t\t\t\t<p><strong>Obligatory information according to Para. 5 Digitale-Dienst-Gesetz (DDG) and Para. 2 Dienstleistungs-Informationspflichten-Verordnung (DL-InfoV)<\/strong><\/p><p>MERX P\u00dcTZ Rechtsanw\u00e4lte PartmbB <br \/>AG M\u00fcnchen, PR 2196<\/p><p><strong>Authorised representative and partner: <\/strong> <br \/>Attorney at Law Marc P\u00fctz-Poulalion <br \/>Attorney at Law\u00a0Morten Merx <br \/>Attorney at Law Marie-Christine Seiler, LL.M. (Wellington)<\/p><p>Uhlandstra\u00dfe 2 <br \/>80336 Munich Germany<\/p><p>Telephone +49 89 28 81 39 &#8211; 0 <br \/>Fax +49 89 28 81 39 &#8211; 99 <br \/>info at merxpuetz.com<\/p><p>Sales tax ID number (\u00a7 27a UStG): <br \/>DE 344302586<\/p><p>Professional title and competent chamber<\/p><p>The attorneys at Merx P\u00fctz Rechtsanw\u00e4lte PartmbB are admitted to practice under the laws of the Federal Republic of Germany and are members of the<\/p><p>Bar Association for the Higher Regional Court District of Munich (supervisory authority) <br \/>Tal 33 <br \/>80331 Munich <br \/><a href=\"mailto:info@rak-muenchen.de\">info@rak-muenchen.de<\/a> <br \/><a href=\"http:\/\/www.rak-muenchen.de\/\">http:\/\/www.rak-muenchen.de<\/a><\/p><p>Professional regulations<\/p><p><a style=\"background-color: #ffffff; font-size: 1rem;\" href=\"https:\/\/www.brak.de\/anwaltschaft\/berufsrecht\/allgemeine-informationen\/#c8007\" target=\"_blank\" rel=\"noopener\">Federal Lawyers&#8217; Act (BRAO) <\/a><br \/><a style=\"background-color: #ffffff; font-size: 1rem;\" href=\"https:\/\/www.brak.de\/anwaltschaft\/berufsrecht\/allgemeine-informationen\/#c8009\" target=\"_blank\" rel=\"noopener\">Professional Code of Conduct (BORA) <\/a><br \/><a style=\"background-color: #ffffff; font-size: 1rem;\" href=\"https:\/\/www.brak.de\/anwaltschaft\/berufsrecht\/allgemeine-informationen\/#c8011\" target=\"_blank\" rel=\"noopener\">Specialist lawyer regulations (FAO) <\/a><br \/><a style=\"background-color: #ffffff; font-size: 1rem;\" href=\"https:\/\/www.brak.de\/anwaltschaft\/berufsrecht\/allgemeine-informationen\/#c8010\" target=\"_blank\" rel=\"noopener\">Lawyers&#8217; Remuneration Act (RVG) <\/a><br \/><a href=\"https:\/\/www.brak.de\/anwaltschaft\/berufsrecht\/allgemeine-informationen\/#c8013\">Code of Conduct for Lawyers in the European Union (CCBE) <\/a><\/p><div>The professional regulations can be viewed and accessed in German and English on the homepage of the German Federal Bar Association (www.brak.de) under the heading &#8220;Berufsrecht&#8221;.<\/div><div>\u00a0<\/div><div>Professional indemnity insurance:<\/div><div><span style=\"color: var( --e-global-color-text ); font-size: 1rem;\">Financial loss liability insurance of Zurich Insurance plc Branch Office for Germany, 50427 Cologne, valid in the entire EU area and the states of the Agreement on the European Economic Area <\/span><\/div><div>\u00a0<\/div><div>Remuneration in accordance with the German Lawyers&#8217; Fees Act (RVG) or time-based fee (hourly rates vary according to lawyer and type of work; further details on request) or flat fee by agreement.<\/div><div>\u00a0<\/div><div>Out-of-court arbitration<\/div><div><span style=\"color: var( --e-global-color-text ); font-size: 1rem;\">Bei Streitigkeiten zwischen Rechtsanw\u00e4lten und ihren Auftraggebern besteht auf Antrag die M\u00f6glichkeit der au\u00dfergerichtlichen Streitschlichtung bei der regionalen Rechtsanwaltskammer M\u00fcnchen gem\u00e4\u00df \u00a7 73 Abs. 2 Nr. 3 iVm \u00a7 73 Abs. 5 BRAO oder bei der Schlichtungsstelle der Rechtsanwaltschaft gem\u00e4\u00df \u00a7 191 f. BRAO. <\/span><\/div><div>\u00a0<\/div><div>Access to the respective procedure and more detailed information on its requirements can be obtained from the aforementioned chambers, on the Internet via the homepage of the Federal Bar Association (www.brak.de), e-mail: schlichtungsstelle@brak.de.<\/div><div>\u00a0<\/div><div><span style=\"color: var( --e-global-color-text ); font-size: 1rem;\">Rights of use <\/span><\/div><div><span style=\"color: var( --e-global-color-text ); font-size: 1rem;\">The contents of this website may only be reproduced and\/or distributed with the prior written consent of Merx P\u00fctz Rechtsanw\u00e4lte PartmbB. <\/span><\/div><div>\u00a0<\/div>\t\t\t\t\t\t\t\t<\/div>\n\t\t\t\t<\/div>\n\t\t\t\t<div class=\"elementor-element elementor-element-1dd39ab elementor-widget elementor-widget-html\" data-id=\"1dd39ab\" data-element_type=\"widget\" data-e-type=\"widget\" data-widget_type=\"html.default\">\n\t\t\t\t<div class=\"elementor-widget-container\">\n\t\t\t\t\t<p><br><strong>Realisation<\/strong><br>\n<a href=\"https:\/\/www.cleverbits.de\/\" rel=\"noopener\" target=\"_blank\" style=\"padding-left:10px;\"><img decoding=\"async\" src=\"https:\/\/cdn.cleverbits-system.com\/ext\/cb\/cb-logo.svg\" style=\"height:70px\"><\/a><\/p>\t\t\t\t<\/div>\n\t\t\t\t<\/div>\n\t\t\t\t<div class=\"elementor-element elementor-element-69bbcc6 elementor-widget elementor-widget-html\" data-id=\"69bbcc6\" data-element_type=\"widget\" data-e-type=\"widget\" data-widget_type=\"html.default\">\n\t\t\t\t<div class=\"elementor-widget-container\">\n\t\t\t\t\t<p><br><strong>Design<\/strong><br>\n<a href=\"https:\/\/www.christiancrusius.com\" rel=\"noopener\" target=\"_blank\" style=\"padding-left:10px;\">Christian Crusius<\/a><\/p>\t\t\t\t<\/div>\n\t\t\t\t<\/div>\n\t\t\t\t\t<\/div>\n\t\t\t\t<\/div>\n\t\t\t\t<\/div>\n\t\t","protected":false},"excerpt":{"rendered":"<p>Imprint Obligatory information according to Para. 5 Digitale-Dienst-Gesetz (DDG) and Para. 2 Dienstleistungs-Informationspflichten-Verordnung (DL-InfoV) MERX P\u00dcTZ Rechtsanw\u00e4lte PartmbB AG M\u00fcnchen, PR 2196 Authorised representative and partner: Attorney at Law Marc P\u00fctz-Poulalion Attorney at Law\u00a0Morten Merx Attorney at Law Marie-Christine Seiler, LL.M. (Wellington) Uhlandstra\u00dfe 2 80336 Munich Germany Telephone +49 89 28 81 39 &#8211; 0 [&hellip;]<\/p>\n","protected":false},"author":4,"featured_media":0,"parent":0,"menu_order":0,"comment_status":"closed","ping_status":"closed","template":"","meta":{"inline_featured_image":false,"footnotes":""},"class_list":["post-2268","page","type-page","status-publish","hentry"],"yoast_head":"<!-- This site is optimized with the Yoast SEO plugin v27.4 - https:\/\/yoast.com\/product\/yoast-seo-wordpress\/ -->\n<title>Legal Notices - Merx P\u00fctz Rechtsanw\u00e4lte<\/title>\n<meta name=\"robots\" content=\"index, follow, max-snippet:-1, max-image-preview:large, max-video-preview:-1\" \/>\n<link rel=\"canonical\" href=\"https:\/\/www.merxpuetz.com\/en\/legal-notices\/\" \/>\n<meta property=\"og:locale\" content=\"en_US\" \/>\n<meta property=\"og:type\" content=\"article\" \/>\n<meta property=\"og:title\" content=\"Legal Notices - Merx P\u00fctz Rechtsanw\u00e4lte\" \/>\n<meta property=\"og:description\" content=\"Imprint Obligatory information according to Para. 5 Digitale-Dienst-Gesetz (DDG) and Para. 2 Dienstleistungs-Informationspflichten-Verordnung (DL-InfoV) MERX P\u00dcTZ Rechtsanw\u00e4lte PartmbB AG M\u00fcnchen, PR 2196 Authorised representative and partner: Attorney at Law Marc P\u00fctz-Poulalion Attorney at Law\u00a0Morten Merx Attorney at Law Marie-Christine Seiler, LL.M. (Wellington) Uhlandstra\u00dfe 2 80336 Munich Germany Telephone +49 89 28 81 39 &#8211; 0 [&hellip;]\" \/>\n<meta property=\"og:url\" content=\"https:\/\/www.merxpuetz.com\/en\/legal-notices\/\" \/>\n<meta property=\"og:site_name\" content=\"Merx P\u00fctz Rechtsanw\u00e4lte\" \/>\n<meta property=\"article:modified_time\" content=\"2026-01-07T15:20:53+00:00\" \/>\n<meta property=\"og:image\" content=\"https:\/\/cdn.cleverbits-system.com\/ext\/cb\/cb-logo.svg\" \/>\n<meta name=\"twitter:card\" content=\"summary_large_image\" \/>\n<meta name=\"twitter:label1\" content=\"Est. reading time\" \/>\n\t<meta name=\"twitter:data1\" content=\"2 minutes\" \/>\n<script type=\"application\/ld+json\" class=\"yoast-schema-graph\">{\"@context\":\"https:\\\/\\\/schema.org\",\"@graph\":[{\"@type\":\"WebPage\",\"@id\":\"https:\\\/\\\/www.merxpuetz.com\\\/en\\\/legal-notices\\\/\",\"url\":\"https:\\\/\\\/www.merxpuetz.com\\\/en\\\/legal-notices\\\/\",\"name\":\"Legal Notices - Merx P\u00fctz Rechtsanw\u00e4lte\",\"isPartOf\":{\"@id\":\"https:\\\/\\\/www.merxpuetz.com\\\/en\\\/#website\"},\"primaryImageOfPage\":{\"@id\":\"https:\\\/\\\/www.merxpuetz.com\\\/en\\\/legal-notices\\\/#primaryimage\"},\"image\":{\"@id\":\"https:\\\/\\\/www.merxpuetz.com\\\/en\\\/legal-notices\\\/#primaryimage\"},\"thumbnailUrl\":\"https:\\\/\\\/cdn.cleverbits-system.com\\\/ext\\\/cb\\\/cb-logo.svg\",\"datePublished\":\"2023-05-19T08:21:13+00:00\",\"dateModified\":\"2026-01-07T15:20:53+00:00\",\"breadcrumb\":{\"@id\":\"https:\\\/\\\/www.merxpuetz.com\\\/en\\\/legal-notices\\\/#breadcrumb\"},\"inLanguage\":\"en-US\",\"potentialAction\":[{\"@type\":\"ReadAction\",\"target\":[\"https:\\\/\\\/www.merxpuetz.com\\\/en\\\/legal-notices\\\/\"]}]},{\"@type\":\"ImageObject\",\"inLanguage\":\"en-US\",\"@id\":\"https:\\\/\\\/www.merxpuetz.com\\\/en\\\/legal-notices\\\/#primaryimage\",\"url\":\"https:\\\/\\\/cdn.cleverbits-system.com\\\/ext\\\/cb\\\/cb-logo.svg\",\"contentUrl\":\"https:\\\/\\\/cdn.cleverbits-system.com\\\/ext\\\/cb\\\/cb-logo.svg\"},{\"@type\":\"BreadcrumbList\",\"@id\":\"https:\\\/\\\/www.merxpuetz.com\\\/en\\\/legal-notices\\\/#breadcrumb\",\"itemListElement\":[{\"@type\":\"ListItem\",\"position\":1,\"name\":\"Home\",\"item\":\"https:\\\/\\\/www.merxpuetz.com\\\/en\\\/\"},{\"@type\":\"ListItem\",\"position\":2,\"name\":\"Legal Notices\"}]},{\"@type\":\"WebSite\",\"@id\":\"https:\\\/\\\/www.merxpuetz.com\\\/en\\\/#website\",\"url\":\"https:\\\/\\\/www.merxpuetz.com\\\/en\\\/\",\"name\":\"Merx P\u00fctz Rechtsanw\u00e4lte\",\"description\":\"Intellectual Property \u00b7 Health &amp; Beauty Products Law\",\"publisher\":{\"@id\":\"https:\\\/\\\/www.merxpuetz.com\\\/en\\\/#organization\"},\"potentialAction\":[{\"@type\":\"SearchAction\",\"target\":{\"@type\":\"EntryPoint\",\"urlTemplate\":\"https:\\\/\\\/www.merxpuetz.com\\\/en\\\/?s={search_term_string}\"},\"query-input\":{\"@type\":\"PropertyValueSpecification\",\"valueRequired\":true,\"valueName\":\"search_term_string\"}}],\"inLanguage\":\"en-US\"},{\"@type\":\"Organization\",\"@id\":\"https:\\\/\\\/www.merxpuetz.com\\\/en\\\/#organization\",\"name\":\"Merx P\u00fctz Rechtsanw\u00e4lte\",\"url\":\"https:\\\/\\\/www.merxpuetz.com\\\/en\\\/\",\"logo\":{\"@type\":\"ImageObject\",\"inLanguage\":\"en-US\",\"@id\":\"https:\\\/\\\/www.merxpuetz.com\\\/en\\\/#\\\/schema\\\/logo\\\/image\\\/\",\"url\":\"https:\\\/\\\/www.merxpuetz.com\\\/wp-content\\\/uploads\\\/2023\\\/05\\\/DeviceDesktop-VersionFull.svg\",\"contentUrl\":\"https:\\\/\\\/www.merxpuetz.com\\\/wp-content\\\/uploads\\\/2023\\\/05\\\/DeviceDesktop-VersionFull.svg\",\"caption\":\"Merx P\u00fctz Rechtsanw\u00e4lte\"},\"image\":{\"@id\":\"https:\\\/\\\/www.merxpuetz.com\\\/en\\\/#\\\/schema\\\/logo\\\/image\\\/\"},\"sameAs\":[\"https:\\\/\\\/de.linkedin.com\\\/company\\\/merxpuetz\"]}]}<\/script>\n<!-- \/ Yoast SEO plugin. -->","yoast_head_json":{"title":"Legal Notices - Merx P\u00fctz Rechtsanw\u00e4lte","robots":{"index":"index","follow":"follow","max-snippet":"max-snippet:-1","max-image-preview":"max-image-preview:large","max-video-preview":"max-video-preview:-1"},"canonical":"https:\/\/www.merxpuetz.com\/en\/legal-notices\/","og_locale":"en_US","og_type":"article","og_title":"Legal Notices - Merx P\u00fctz Rechtsanw\u00e4lte","og_description":"Imprint Obligatory information according to Para. 5 Digitale-Dienst-Gesetz (DDG) and Para. 2 Dienstleistungs-Informationspflichten-Verordnung (DL-InfoV) MERX P\u00dcTZ Rechtsanw\u00e4lte PartmbB AG M\u00fcnchen, PR 2196 Authorised representative and partner: Attorney at Law Marc P\u00fctz-Poulalion Attorney at Law\u00a0Morten Merx Attorney at Law Marie-Christine Seiler, LL.M. (Wellington) Uhlandstra\u00dfe 2 80336 Munich Germany Telephone +49 89 28 81 39 &#8211; 0 [&hellip;]","og_url":"https:\/\/www.merxpuetz.com\/en\/legal-notices\/","og_site_name":"Merx P\u00fctz Rechtsanw\u00e4lte","article_modified_time":"2026-01-07T15:20:53+00:00","og_image":[{"url":"https:\/\/cdn.cleverbits-system.com\/ext\/cb\/cb-logo.svg","type":"","width":"","height":""}],"twitter_card":"summary_large_image","twitter_misc":{"Est. reading time":"2 minutes"},"schema":{"@context":"https:\/\/schema.org","@graph":[{"@type":"WebPage","@id":"https:\/\/www.merxpuetz.com\/en\/legal-notices\/","url":"https:\/\/www.merxpuetz.com\/en\/legal-notices\/","name":"Legal Notices - Merx P\u00fctz Rechtsanw\u00e4lte","isPartOf":{"@id":"https:\/\/www.merxpuetz.com\/en\/#website"},"primaryImageOfPage":{"@id":"https:\/\/www.merxpuetz.com\/en\/legal-notices\/#primaryimage"},"image":{"@id":"https:\/\/www.merxpuetz.com\/en\/legal-notices\/#primaryimage"},"thumbnailUrl":"https:\/\/cdn.cleverbits-system.com\/ext\/cb\/cb-logo.svg","datePublished":"2023-05-19T08:21:13+00:00","dateModified":"2026-01-07T15:20:53+00:00","breadcrumb":{"@id":"https:\/\/www.merxpuetz.com\/en\/legal-notices\/#breadcrumb"},"inLanguage":"en-US","potentialAction":[{"@type":"ReadAction","target":["https:\/\/www.merxpuetz.com\/en\/legal-notices\/"]}]},{"@type":"ImageObject","inLanguage":"en-US","@id":"https:\/\/www.merxpuetz.com\/en\/legal-notices\/#primaryimage","url":"https:\/\/cdn.cleverbits-system.com\/ext\/cb\/cb-logo.svg","contentUrl":"https:\/\/cdn.cleverbits-system.com\/ext\/cb\/cb-logo.svg"},{"@type":"BreadcrumbList","@id":"https:\/\/www.merxpuetz.com\/en\/legal-notices\/#breadcrumb","itemListElement":[{"@type":"ListItem","position":1,"name":"Home","item":"https:\/\/www.merxpuetz.com\/en\/"},{"@type":"ListItem","position":2,"name":"Legal Notices"}]},{"@type":"WebSite","@id":"https:\/\/www.merxpuetz.com\/en\/#website","url":"https:\/\/www.merxpuetz.com\/en\/","name":"Merx P\u00fctz Rechtsanw\u00e4lte","description":"Intellectual Property \u00b7 Health &amp; Beauty Products Law","publisher":{"@id":"https:\/\/www.merxpuetz.com\/en\/#organization"},"potentialAction":[{"@type":"SearchAction","target":{"@type":"EntryPoint","urlTemplate":"https:\/\/www.merxpuetz.com\/en\/?s={search_term_string}"},"query-input":{"@type":"PropertyValueSpecification","valueRequired":true,"valueName":"search_term_string"}}],"inLanguage":"en-US"},{"@type":"Organization","@id":"https:\/\/www.merxpuetz.com\/en\/#organization","name":"Merx P\u00fctz Rechtsanw\u00e4lte","url":"https:\/\/www.merxpuetz.com\/en\/","logo":{"@type":"ImageObject","inLanguage":"en-US","@id":"https:\/\/www.merxpuetz.com\/en\/#\/schema\/logo\/image\/","url":"https:\/\/www.merxpuetz.com\/wp-content\/uploads\/2023\/05\/DeviceDesktop-VersionFull.svg","contentUrl":"https:\/\/www.merxpuetz.com\/wp-content\/uploads\/2023\/05\/DeviceDesktop-VersionFull.svg","caption":"Merx P\u00fctz Rechtsanw\u00e4lte"},"image":{"@id":"https:\/\/www.merxpuetz.com\/en\/#\/schema\/logo\/image\/"},"sameAs":["https:\/\/de.linkedin.com\/company\/merxpuetz"]}]}},"_links":{"self":[{"href":"https:\/\/www.merxpuetz.com\/en\/wp-json\/wp\/v2\/pages\/2268","targetHints":{"allow":["GET"]}}],"collection":[{"href":"https:\/\/www.merxpuetz.com\/en\/wp-json\/wp\/v2\/pages"}],"about":[{"href":"https:\/\/www.merxpuetz.com\/en\/wp-json\/wp\/v2\/types\/page"}],"author":[{"embeddable":true,"href":"https:\/\/www.merxpuetz.com\/en\/wp-json\/wp\/v2\/users\/4"}],"replies":[{"embeddable":true,"href":"https:\/\/www.merxpuetz.com\/en\/wp-json\/wp\/v2\/comments?post=2268"}],"version-history":[{"count":10,"href":"https:\/\/www.merxpuetz.com\/en\/wp-json\/wp\/v2\/pages\/2268\/revisions"}],"predecessor-version":[{"id":2967,"href":"https:\/\/www.merxpuetz.com\/en\/wp-json\/wp\/v2\/pages\/2268\/revisions\/2967"}],"wp:attachment":[{"href":"https:\/\/www.merxpuetz.com\/en\/wp-json\/wp\/v2\/media?parent=2268"}],"curies":[{"name":"wp","href":"https:\/\/api.w.org\/{rel}","templated":true}]}}